{"id":1915,"date":"2023-10-18T11:53:50","date_gmt":"2023-10-18T11:53:50","guid":{"rendered":"https:\/\/kpcgroup.fr\/?page_id=1915"},"modified":"2025-11-06T16:43:46","modified_gmt":"2025-11-06T15:43:46","slug":"job-offers","status":"publish","type":"page","link":"https:\/\/kpcgroup.fr\/en\/offres-demploi\/","title":{"rendered":"Job offers"},"content":{"rendered":"<div data-elementor-type=\"wp-page\" data-elementor-id=\"1915\" class=\"elementor elementor-1915\" data-elementor-post-type=\"page\">\n\t\t\t\t<div class=\"elementor-element elementor-element-740ec732 e-flex e-con-boxed e-con e-parent\" data-id=\"740ec732\" data-element_type=\"container\" data-e-type=\"container\" data-settings=\"{&quot;background_background&quot;:&quot;classic&quot;}\">\n\t\t\t\t\t<div class=\"e-con-inner\">\n\t\t<div class=\"elementor-element elementor-element-77267ea7 e-con-full e-flex e-con e-child\" data-id=\"77267ea7\" data-element_type=\"container\" data-e-type=\"container\" data-settings=\"{&quot;background_background&quot;:&quot;classic&quot;}\">\n\t\t\t\t<div class=\"elementor-element elementor-element-3b9c8abc elementor-widget elementor-widget-text-editor\" data-id=\"3b9c8abc\" data-element_type=\"widget\" data-e-type=\"widget\" data-widget_type=\"text-editor.default\">\n\t\t\t\t<div class=\"elementor-widget-container\">\n\t\t\t\t\t\t\t\t\t<p class=\"translation-block\">Want to join a Data, AI and Digital specialist? Take your next step with KPC<\/p>\t\t\t\t\t\t\t\t<\/div>\n\t\t\t\t<\/div>\n\t\t\t\t<div class=\"elementor-element elementor-element-0439c43 elementor-mobile-align-center elementor-widget elementor-widget-button\" data-id=\"0439c43\" data-element_type=\"widget\" data-e-type=\"widget\" data-widget_type=\"button.default\">\n\t\t\t\t<div class=\"elementor-widget-container\">\n\t\t\t\t\t\t\t\t\t<div class=\"elementor-button-wrapper\">\n\t\t\t\t\t<a class=\"elementor-button elementor-button-link elementor-size-md\" href=\"#offres\">\n\t\t\t\t\t\t<span class=\"elementor-button-content-wrapper\">\n\t\t\t\t\t\t\t\t\t<span class=\"elementor-button-text\">See open positions<\/span>\n\t\t\t\t\t<\/span>\n\t\t\t\t\t<\/a>\n\t\t\t\t<\/div>\n\t\t\t\t\t\t\t\t<\/div>\n\t\t\t\t<\/div>\n\t\t\t\t<\/div>\n\t\t<div class=\"elementor-element elementor-element-54c99a01 e-con-full e-flex e-con e-child\" data-id=\"54c99a01\" data-element_type=\"container\" data-e-type=\"container\" data-settings=\"{&quot;background_background&quot;:&quot;classic&quot;}\">\n\t\t\t\t<\/div>\n\t\t\t\t\t<\/div>\n\t\t\t\t<\/div>\n\t\t\t\t<section class=\"elementor-section elementor-top-section elementor-element elementor-element-823c6da elementor-section-boxed elementor-section-height-default elementor-section-height-default elementor-invisible\" data-id=\"823c6da\" data-element_type=\"section\" data-e-type=\"section\" data-settings=\"{&quot;animation&quot;:&quot;fadeIn&quot;}\">\n\t\t\t\t\t\t<div class=\"elementor-container elementor-column-gap-default\">\n\t\t\t\t\t<div class=\"elementor-column elementor-col-50 elementor-top-column elementor-element elementor-element-1d3876f\" data-id=\"1d3876f\" data-element_type=\"column\" data-e-type=\"column\">\n\t\t\t<div class=\"elementor-widget-wrap elementor-element-populated\">\n\t\t\t\t\t\t<div class=\"elementor-element elementor-element-665e3ec3 elementor-widget elementor-widget-text-editor\" data-id=\"665e3ec3\" data-element_type=\"widget\" data-e-type=\"widget\" data-widget_type=\"text-editor.default\">\n\t\t\t\t<div class=\"elementor-widget-container\">\n\t\t\t\t\t\t\t\t\t<p><strong>If you're looking for a place where you can work flexibly, grow your skills on ambitious projects and be part of a genuinely close-knit team \u2014 you're in the right place.<\/strong><\/p>\n<p>You'll work on high-impact client projects and benefit from KPC's technology expertise and strategic partnerships to continuously develop your skills.<\/p>\n<p>KPC has more than 15 years' experience with technologies that are leaders in their fields: <strong>Data consulting and strategy, Data cloud &amp; analytics, Advanced Analytics &amp; Generative AI, Data governance, SAP and Salesforce consulting and expertise, and Web and app development with our Digital factory.<\/strong><\/p>\n<p>Discover our job offers.<\/p>\t\t\t\t\t\t\t\t<\/div>\n\t\t\t\t<\/div>\n\t\t\t\t<div class=\"elementor-element elementor-element-c7e7d22 elementor-widget elementor-widget-image\" data-id=\"c7e7d22\" data-element_type=\"widget\" data-e-type=\"widget\" data-widget_type=\"image.default\">\n\t\t\t\t<div class=\"elementor-widget-container\">\n\t\t\t\t\t\t\t\t\t\t\t\t\t\t\t<img fetchpriority=\"high\" decoding=\"async\" width=\"400\" height=\"400\" src=\"https:\/\/kpcgroup.fr\/wp-content\/uploads\/2023\/10\/PICTO-fleche-pointille-orange.png\" class=\"attachment-large size-large wp-image-1278\" alt=\"\" srcset=\"https:\/\/kpcgroup.fr\/wp-content\/uploads\/2023\/10\/PICTO-fleche-pointille-orange.png 400w, https:\/\/kpcgroup.fr\/wp-content\/uploads\/2023\/10\/PICTO-fleche-pointille-orange-300x300.png 300w, https:\/\/kpcgroup.fr\/wp-content\/uploads\/2023\/10\/PICTO-fleche-pointille-orange-150x150.png 150w\" sizes=\"(max-width: 400px) 100vw, 400px\" \/>\t\t\t\t\t\t\t\t\t\t\t\t\t\t\t<\/div>\n\t\t\t\t<\/div>\n\t\t\t\t\t<\/div>\n\t\t<\/div>\n\t\t\t\t<div class=\"elementor-column elementor-col-50 elementor-top-column elementor-element elementor-element-18b2e06b\" data-id=\"18b2e06b\" data-element_type=\"column\" data-e-type=\"column\">\n\t\t\t<div class=\"elementor-widget-wrap elementor-element-populated\">\n\t\t\t\t\t\t<section class=\"elementor-section elementor-inner-section elementor-element elementor-element-46abc0e8 box-HD elementor-section-boxed elementor-section-height-default elementor-section-height-default\" data-id=\"46abc0e8\" data-element_type=\"section\" data-e-type=\"section\">\n\t\t\t\t\t\t<div class=\"elementor-container elementor-column-gap-default\">\n\t\t\t\t\t<div class=\"elementor-column elementor-col-100 elementor-inner-column elementor-element elementor-element-1d26fb46 background-orange\" data-id=\"1d26fb46\" data-element_type=\"column\" data-e-type=\"column\">\n\t\t\t<div class=\"elementor-widget-wrap elementor-element-populated\">\n\t\t\t\t\t\t<div class=\"elementor-element elementor-element-37b6dceb elementor-widget elementor-widget-text-editor\" data-id=\"37b6dceb\" data-element_type=\"widget\" data-e-type=\"widget\" data-widget_type=\"text-editor.default\">\n\t\t\t\t<div class=\"elementor-widget-container\">\n\t\t\t\t\t\t\t\t\t<p>80<\/p>\t\t\t\t\t\t\t\t<\/div>\n\t\t\t\t<\/div>\n\t\t\t\t<div class=\"elementor-element elementor-element-226fa2b9 elementor-widget elementor-widget-text-editor\" data-id=\"226fa2b9\" data-element_type=\"widget\" data-e-type=\"widget\" data-widget_type=\"text-editor.default\">\n\t\t\t\t<div class=\"elementor-widget-container\">\n\t\t\t\t\t\t\t\t\t<p>Recruitment in progress<\/p>\t\t\t\t\t\t\t\t<\/div>\n\t\t\t\t<\/div>\n\t\t\t\t\t<\/div>\n\t\t<\/div>\n\t\t\t\t\t<\/div>\n\t\t<\/section>\n\t\t\t\t\t<\/div>\n\t\t<\/div>\n\t\t\t\t\t<\/div>\n\t\t<\/section>\n\t\t<div class=\"elementor-element elementor-element-7613375 e-con-full background-orange e-flex elementor-invisible e-con e-parent\" data-id=\"7613375\" data-element_type=\"container\" data-e-type=\"container\" data-settings=\"{&quot;animation&quot;:&quot;fadeIn&quot;}\">\n\t\t<div class=\"elementor-element elementor-element-6986b74c e-flex e-con-boxed e-con e-child\" data-id=\"6986b74c\" data-element_type=\"container\" data-e-type=\"container\">\n\t\t\t\t\t<div class=\"e-con-inner\">\n\t\t\t\t\t<\/div>\n\t\t\t\t<\/div>\n\t\t\t\t<\/div>\n\t\t<div class=\"elementor-element elementor-element-148f15a e-flex e-con-boxed elementor-invisible e-con e-parent\" data-id=\"148f15a\" data-element_type=\"container\" data-e-type=\"container\" data-settings=\"{&quot;animation&quot;:&quot;fadeIn&quot;}\">\n\t\t\t\t\t<div class=\"e-con-inner\">\n\t\t<div class=\"elementor-element elementor-element-a5ffc08 e-con-full e-flex e-con e-child\" data-id=\"a5ffc08\" data-element_type=\"container\" data-e-type=\"container\">\n\t\t\t\t<div class=\"elementor-element elementor-element-8b8ca27 gradient-txt elementor-widget elementor-widget-heading\" data-id=\"8b8ca27\" data-element_type=\"widget\" data-e-type=\"widget\" data-widget_type=\"heading.default\">\n\t\t\t\t<div class=\"elementor-widget-container\">\n\t\t\t\t\t<h2 class=\"elementor-heading-title elementor-size-default\">Quick and simple application <\/h2>\t\t\t\t<\/div>\n\t\t\t\t<\/div>\n\t\t\t\t<div class=\"elementor-element elementor-element-070d45a elementor-widget elementor-widget-text-editor\" data-id=\"070d45a\" data-element_type=\"widget\" data-e-type=\"widget\" data-widget_type=\"text-editor.default\">\n\t\t\t\t<div class=\"elementor-widget-container\">\n\t\t\t\t\t\t\t\t\t<p class=\"translation-block\">Click on any position that interests you and submit your application. We get back to every candidate.<\/p>\t\t\t\t\t\t\t\t<\/div>\n\t\t\t\t<\/div>\n\t\t<div class=\"elementor-element elementor-element-111ad32 e-con-full e-flex e-con e-child\" data-id=\"111ad32\" data-element_type=\"container\" data-e-type=\"container\">\n\t\t<div class=\"elementor-element elementor-element-080a6f3 e-con-full e-flex e-con e-child\" data-id=\"080a6f3\" data-element_type=\"container\" data-e-type=\"container\">\n\t\t\t\t<div class=\"elementor-element elementor-element-b638adc elementor-widget elementor-widget-menu-anchor\" data-id=\"b638adc\" data-element_type=\"widget\" data-e-type=\"widget\" data-widget_type=\"menu-anchor.default\">\n\t\t\t\t<div class=\"elementor-widget-container\">\n\t\t\t\t\t\t\t<div class=\"elementor-menu-anchor\" id=\"offres\"><\/div>\n\t\t\t\t\t\t<\/div>\n\t\t\t\t<\/div>\n\t\t\t\t<div class=\"elementor-element elementor-element-6ffcc70 elementor-widget elementor-widget-text-editor\" data-id=\"6ffcc70\" data-element_type=\"widget\" data-e-type=\"widget\" data-widget_type=\"text-editor.default\">\n\t\t\t\t<div class=\"elementor-widget-container\">\n\t\t\t\t\t\t\t\t\t<p style=\"text-align: left;\"><div class=\"job_listings\" data-location=\"\" data-keywords=\"\" data-show_filters=\"true\" data-show_pagination=\"false\" data-per_page=\"12\" data-orderby=\"featured\" data-order=\"DESC\" data-categories=\"\" data-disable-form-state-storage=\"\" data-featured_first=\"false\" data-post_id=\"1915\" >\n<form class=\"job_filters\" action=\"\">\n\t\n\t<div class=\"search_jobs\">\n\t\t\n\t\t<div class=\"search_keywords\">\n\t\t\t<label for=\"search_keywords\">Keywords<\/label>\n\t\t\t<input type=\"text\" name=\"search_keywords\" id=\"search_keywords\" placeholder=\"Keywords\" value=\"\" \/>\n\t\t<\/div>\n\n\t\t<div class=\"search_location\">\n\t\t\t<label for=\"search_location\">Location<\/label>\n\t\t\t<input type=\"text\" name=\"search_location\" id=\"search_location\" placeholder=\"Location\" value=\"\" \/>\n\t\t<\/div>\n\n\t\t\t\t\t<div class=\"search_remote_position\">\n\t\t\t\t<input type=\"checkbox\" class=\"input-checkbox\" name=\"remote_position\" id=\"remote_position\" placeholder=\"Location\" value=\"1\"  \/>\n\t\t\t\t<label for=\"remote_position\" id=\"remote_position_label\">Remote positions only<\/label>\n\t\t\t<\/div>\n\t\t\n\t\t<div style=\"clear: both\"><\/div>\n\n\t\t\n\t\t\t\t\t<div class=\"search_submit\">\n\t\t\t\t<input type=\"submit\" value=\"Search Jobs\">\n\t\t\t<\/div>\n\t\t\n\t\t\t<\/div>\n\n\t<div class=\"job-type-label-wrapper\"><h4 class=\"job-filter-title\">Type of contract<\/h4><\/div>\t<ul class=\"job_types\">\n\t\t\t\t\t<li><label for=\"job_type_cdi\" class=\"cdi\"><input type=\"checkbox\" name=\"filter_job_type[]\" value=\"cdi\"  checked='checked' id=\"job_type_cdi\" \/> Permanent contract<\/label><\/li>\n\t\t\t\t\t<li><label for=\"job_type_cdd\" class=\"cdd\"><input type=\"checkbox\" name=\"filter_job_type[]\" value=\"cdd\"  checked='checked' id=\"job_type_cdd\" \/> Fixed-term contract<\/label><\/li>\n\t\t\t\t\t<li><label for=\"job_type_stage\" class=\"stage\"><input type=\"checkbox\" name=\"filter_job_type[]\" value=\"stage\"  checked='checked' id=\"job_type_stage\" \/> Internship<\/label><\/li>\n\t\t\t\t\t<li><label for=\"job_type_alternance\" class=\"alternance\"><input type=\"checkbox\" name=\"filter_job_type[]\" value=\"alternance\"  checked='checked' id=\"job_type_alternance\" \/> Apprenticeship<\/label><\/li>\n\t\t\t<\/ul>\n\t<input type=\"hidden\" name=\"filter_job_type[]\" value=\"\" \/>\n<div class=\"showing_jobs\"><\/div><input type=\"hidden\" name=\"trp-form-language\" value=\"en\"\/><\/form>\n\n\n<noscript>Your browser does not support JavaScript, or it is disabled. JavaScript must be enabled in order to view listings.<\/noscript>\n<ul class=\"job_listings\">\n<\/ul>\n<a class=\"load_more_jobs\" href=\"#\" style=\"display:none;\"><strong>Load more listings<\/strong><\/a><\/div><\/p>\t\t\t\t\t\t\t\t<\/div>\n\t\t\t\t<\/div>\n\t\t\t\t<\/div>\n\t\t\t\t<\/div>\n\t\t\t\t<\/div>\n\t\t\t\t\t<\/div>\n\t\t\t\t<\/div>\n\t\t<div class=\"elementor-element elementor-element-8dbe82c e-flex e-con-boxed e-con e-parent\" data-id=\"8dbe82c\" data-element_type=\"container\" data-e-type=\"container\">\n\t\t\t\t\t<div class=\"e-con-inner\">\n\t\t<div class=\"elementor-element elementor-element-2c64159 e-con-full e-flex e-con e-child\" data-id=\"2c64159\" data-element_type=\"container\" data-e-type=\"container\">\n\t\t\t\t<div class=\"elementor-element elementor-element-4d513f1 elementor-mobile-align-center elementor-widget elementor-widget-button\" data-id=\"4d513f1\" data-element_type=\"widget\" data-e-type=\"widget\" data-widget_type=\"button.default\">\n\t\t\t\t<div class=\"elementor-widget-container\">\n\t\t\t\t\t\t\t\t\t<div class=\"elementor-button-wrapper\">\n\t\t\t\t\t<a class=\"elementor-button elementor-button-link elementor-size-sm\" href=\"https:\/\/kpcgroup.fr\/en\/recruitment-process\/\">\n\t\t\t\t\t\t<span class=\"elementor-button-content-wrapper\">\n\t\t\t\t\t\t\t\t\t<span class=\"elementor-button-text\">See the recruitment process<\/span>\n\t\t\t\t\t<\/span>\n\t\t\t\t\t<\/a>\n\t\t\t\t<\/div>\n\t\t\t\t\t\t\t\t<\/div>\n\t\t\t\t<\/div>\n\t\t\t\t<\/div>\n\t\t<div class=\"elementor-element elementor-element-007e918 e-con-full e-flex e-con e-child\" data-id=\"007e918\" data-element_type=\"container\" data-e-type=\"container\">\n\t\t\t\t<div class=\"elementor-element elementor-element-4efe0b3 elementor-mobile-align-center elementor-widget elementor-widget-button\" data-id=\"4efe0b3\" data-element_type=\"widget\" data-e-type=\"widget\" data-widget_type=\"button.default\">\n\t\t\t\t<div class=\"elementor-widget-container\">\n\t\t\t\t\t\t\t\t\t<div class=\"elementor-button-wrapper\">\n\t\t\t\t\t<a class=\"elementor-button elementor-button-link elementor-size-sm\" href=\"https:\/\/kpcgroup.fr\/en\/job-offers\/speculative-application\/\">\n\t\t\t\t\t\t<span class=\"elementor-button-content-wrapper\">\n\t\t\t\t\t\t\t\t\t<span class=\"elementor-button-text\">Unsolicited application<\/span>\n\t\t\t\t\t<\/span>\n\t\t\t\t\t<\/a>\n\t\t\t\t<\/div>\n\t\t\t\t\t\t\t\t<\/div>\n\t\t\t\t<\/div>\n\t\t\t\t<\/div>\n\t\t\t\t\t<\/div>\n\t\t\t\t<\/div>\n\t\t\t\t<section class=\"elementor-section elementor-top-section elementor-element elementor-element-37b8bc60 elementor-section-full_width animated-slow elementor-section-height-default elementor-section-height-default elementor-invisible\" data-id=\"37b8bc60\" data-element_type=\"section\" data-e-type=\"section\" data-settings=\"{&quot;background_background&quot;:&quot;classic&quot;,&quot;animation&quot;:&quot;fadeIn&quot;}\">\n\t\t\t\t\t\t\t<div class=\"elementor-background-overlay\"><\/div>\n\t\t\t\t\t\t\t<div class=\"elementor-container elementor-column-gap-default\">\n\t\t\t\t\t<div class=\"elementor-column elementor-col-100 elementor-top-column elementor-element elementor-element-2560f5e5\" data-id=\"2560f5e5\" data-element_type=\"column\" data-e-type=\"column\">\n\t\t\t<div class=\"elementor-widget-wrap elementor-element-populated\">\n\t\t\t\t\t\t<div class=\"elementor-element elementor-element-17ef7960 elementor-widget elementor-widget-text-editor\" data-id=\"17ef7960\" data-element_type=\"widget\" data-e-type=\"widget\" data-widget_type=\"text-editor.default\">\n\t\t\t\t<div class=\"elementor-widget-container\">\n\t\t\t\t\t\t\t\t\t<p>We'd love to have you on the team.<\/p>\t\t\t\t\t\t\t\t<\/div>\n\t\t\t\t<\/div>\n\t\t\t\t\t<\/div>\n\t\t<\/div>\n\t\t\t\t\t<\/div>\n\t\t<\/section>\n\t\t\t\t<\/div>","protected":false},"excerpt":{"rendered":"<p>Envie de rejoindre un sp\u00e9cialiste de la Data et du Digital ?Acc\u00e9l\u00e9rez votre carri\u00e8re, rejoignez KPC ! Rejoignez-nous Vous recherchez une entreprise o\u00f9 vous pouvez t\u00e9l\u00e9travailler tout en gardant un lien de proximit\u00e9, o\u00f9 vous pourrez exprimer tout votre potentiel, et o\u00f9 il fait bon travailler, bienvenue chez KPC ! Vous participez \u00e0 des missions [&hellip;]<\/p>\n","protected":false},"author":2,"featured_media":0,"parent":0,"menu_order":0,"comment_status":"closed","ping_status":"closed","template":"elementor_header_footer","meta":{"footnotes":""},"class_list":["post-1915","page","type-page","status-publish","hentry"],"yoast_head":"<!-- This site is optimized with the Yoast SEO Premium plugin v23.4 (Yoast SEO v27.5) - https:\/\/yoast.com\/product\/yoast-seo-premium-wordpress\/ -->\n<title>Offres d&#039;emploi - KPC - Data et Digital Shapers<\/title>\n<meta name=\"robots\" content=\"index, follow, max-snippet:-1, max-image-preview:large, max-video-preview:-1\" \/>\n<link rel=\"canonical\" href=\"https:\/\/kpcgroup.fr\/en\/job-offers\/\" \/>\n<meta property=\"og:locale\" content=\"en_GB\" \/>\n<meta property=\"og:type\" content=\"article\" \/>\n<meta property=\"og:title\" content=\"Offres d&#039;emploi\" \/>\n<meta property=\"og:description\" content=\"Envie de rejoindre un sp\u00e9cialiste de la Data et du Digital ?Acc\u00e9l\u00e9rez votre carri\u00e8re, rejoignez KPC ! Rejoignez-nous Vous recherchez une entreprise o\u00f9 vous pouvez t\u00e9l\u00e9travailler tout en gardant un lien de proximit\u00e9, o\u00f9 vous pourrez exprimer tout votre potentiel, et o\u00f9 il fait bon travailler, bienvenue chez KPC ! Vous participez \u00e0 des missions [&hellip;]\" \/>\n<meta property=\"og:url\" content=\"https:\/\/kpcgroup.fr\/en\/job-offers\/\" \/>\n<meta property=\"og:site_name\" content=\"KPC - Data et Digital Shapers\" \/>\n<meta property=\"article:modified_time\" content=\"2025-11-06T15:43:46+00:00\" \/>\n<meta property=\"og:image\" content=\"https:\/\/kpcgroup.fr\/wp-content\/uploads\/2023\/10\/PICTO-fleche-pointille-orange.png\" \/>\n\t<meta property=\"og:image:width\" content=\"400\" \/>\n\t<meta property=\"og:image:height\" content=\"400\" \/>\n\t<meta property=\"og:image:type\" content=\"image\/png\" \/>\n<meta name=\"twitter:card\" content=\"summary_large_image\" \/>\n<meta name=\"twitter:site\" content=\"@KPC_CRM\" \/>\n<meta name=\"twitter:label1\" content=\"Estimated reading time\" \/>\n\t<meta name=\"twitter:data1\" content=\"2 minutes\" \/>\n<script type=\"application\/ld+json\" class=\"yoast-schema-graph\">{\"@context\":\"https:\\\/\\\/schema.org\",\"@graph\":[{\"@type\":\"WebPage\",\"@id\":\"https:\\\/\\\/kpcgroup.fr\\\/offres-demploi\\\/\",\"url\":\"https:\\\/\\\/kpcgroup.fr\\\/offres-demploi\\\/\",\"name\":\"Offres d'emploi - KPC - Data et Digital Shapers\",\"isPartOf\":{\"@id\":\"https:\\\/\\\/kpcgroup.fr\\\/#website\"},\"primaryImageOfPage\":{\"@id\":\"https:\\\/\\\/kpcgroup.fr\\\/offres-demploi\\\/#primaryimage\"},\"image\":{\"@id\":\"https:\\\/\\\/kpcgroup.fr\\\/offres-demploi\\\/#primaryimage\"},\"thumbnailUrl\":\"https:\\\/\\\/kpcgroup.fr\\\/wp-content\\\/uploads\\\/2023\\\/10\\\/PICTO-fleche-pointille-orange.png\",\"datePublished\":\"2023-10-18T11:53:50+00:00\",\"dateModified\":\"2025-11-06T15:43:46+00:00\",\"breadcrumb\":{\"@id\":\"https:\\\/\\\/kpcgroup.fr\\\/offres-demploi\\\/#breadcrumb\"},\"inLanguage\":\"en-GB\",\"potentialAction\":[{\"@type\":\"ReadAction\",\"target\":[\"https:\\\/\\\/kpcgroup.fr\\\/offres-demploi\\\/\"]}]},{\"@type\":\"ImageObject\",\"inLanguage\":\"en-GB\",\"@id\":\"https:\\\/\\\/kpcgroup.fr\\\/offres-demploi\\\/#primaryimage\",\"url\":\"https:\\\/\\\/kpcgroup.fr\\\/wp-content\\\/uploads\\\/2023\\\/10\\\/PICTO-fleche-pointille-orange.png\",\"contentUrl\":\"https:\\\/\\\/kpcgroup.fr\\\/wp-content\\\/uploads\\\/2023\\\/10\\\/PICTO-fleche-pointille-orange.png\"},{\"@type\":\"BreadcrumbList\",\"@id\":\"https:\\\/\\\/kpcgroup.fr\\\/offres-demploi\\\/#breadcrumb\",\"itemListElement\":[{\"@type\":\"ListItem\",\"position\":1,\"name\":\"Accueil\",\"item\":\"https:\\\/\\\/kpcgroup.fr\\\/\"},{\"@type\":\"ListItem\",\"position\":2,\"name\":\"Offres d&#8217;emploi\"}]},{\"@type\":\"WebSite\",\"@id\":\"https:\\\/\\\/kpcgroup.fr\\\/#website\",\"url\":\"https:\\\/\\\/kpcgroup.fr\\\/\",\"name\":\"KPC - Data et Digital Shapers\",\"description\":\"Data &amp; Digital Shapers\",\"publisher\":{\"@id\":\"https:\\\/\\\/kpcgroup.fr\\\/#organization\"},\"alternateName\":\"KPC\",\"potentialAction\":[{\"@type\":\"SearchAction\",\"target\":{\"@type\":\"EntryPoint\",\"urlTemplate\":\"https:\\\/\\\/kpcgroup.fr\\\/?s={search_term_string}\"},\"query-input\":{\"@type\":\"PropertyValueSpecification\",\"valueRequired\":true,\"valueName\":\"search_term_string\"}}],\"inLanguage\":\"en-GB\"},{\"@type\":\"Organization\",\"@id\":\"https:\\\/\\\/kpcgroup.fr\\\/#organization\",\"name\":\"KPC - Data et Digital Shapers\",\"url\":\"https:\\\/\\\/kpcgroup.fr\\\/\",\"logo\":{\"@type\":\"ImageObject\",\"inLanguage\":\"en-GB\",\"@id\":\"https:\\\/\\\/kpcgroup.fr\\\/#\\\/schema\\\/logo\\\/image\\\/\",\"url\":\"https:\\\/\\\/kpcgroup.fr\\\/wp-content\\\/uploads\\\/2023\\\/10\\\/KPC23-Logo-seul-color.png\",\"contentUrl\":\"https:\\\/\\\/kpcgroup.fr\\\/wp-content\\\/uploads\\\/2023\\\/10\\\/KPC23-Logo-seul-color.png\",\"width\":1004,\"height\":496,\"caption\":\"KPC - Data et Digital Shapers\"},\"image\":{\"@id\":\"https:\\\/\\\/kpcgroup.fr\\\/#\\\/schema\\\/logo\\\/image\\\/\"},\"sameAs\":[\"https:\\\/\\\/x.com\\\/KPC_CRM\",\"https:\\\/\\\/www.linkedin.com\\\/company\\\/3120635\"]}]}<\/script>\n<!-- \/ Yoast SEO Premium plugin. -->","yoast_head_json":{"title":"Job Offers \u2014 Data, SAP, Salesforce &amp; AI Consulting | 80+ Open Positions in France | Data, Digital &amp; AI Shapers \u2014 KPC","robots":{"index":"index","follow":"follow","max-snippet":"max-snippet:-1","max-image-preview":"max-image-preview:large","max-video-preview":"max-video-preview:-1"},"canonical":"https:\/\/kpcgroup.fr\/en\/job-offers\/","og_locale":"en_GB","og_type":"article","og_title":"Offres d'emploi","og_description":"Envie de rejoindre un sp\u00e9cialiste de la Data et du Digital ?Acc\u00e9l\u00e9rez votre carri\u00e8re, rejoignez KPC ! Rejoignez-nous Vous recherchez une entreprise o\u00f9 vous pouvez t\u00e9l\u00e9travailler tout en gardant un lien de proximit\u00e9, o\u00f9 vous pourrez exprimer tout votre potentiel, et o\u00f9 il fait bon travailler, bienvenue chez KPC ! Vous participez \u00e0 des missions [&hellip;]","og_url":"https:\/\/kpcgroup.fr\/en\/job-offers\/","og_site_name":"KPC - Data et Digital Shapers","article_modified_time":"2025-11-06T15:43:46+00:00","og_image":[{"width":400,"height":400,"url":"https:\/\/kpcgroup.fr\/wp-content\/uploads\/2023\/10\/PICTO-fleche-pointille-orange.png","type":"image\/png"}],"twitter_card":"summary_large_image","twitter_site":"@KPC_CRM","twitter_misc":{"Estimated reading time":"2 minutes"},"schema":{"@context":"https:\/\/schema.org","@graph":[{"@type":"WebPage","@id":"https:\/\/kpcgroup.fr\/offres-demploi\/","url":"https:\/\/kpcgroup.fr\/offres-demploi\/","name":"Job Offers \u2014 Data, SAP, Salesforce &amp; AI Consulting | 80+ Open Positions in France | Data, Digital &amp; AI Shapers \u2014 KPC","isPartOf":{"@id":"https:\/\/kpcgroup.fr\/#website"},"primaryImageOfPage":{"@id":"https:\/\/kpcgroup.fr\/offres-demploi\/#primaryimage"},"image":{"@id":"https:\/\/kpcgroup.fr\/offres-demploi\/#primaryimage"},"thumbnailUrl":"https:\/\/kpcgroup.fr\/wp-content\/uploads\/2023\/10\/PICTO-fleche-pointille-orange.png","datePublished":"2023-10-18T11:53:50+00:00","dateModified":"2025-11-06T15:43:46+00:00","breadcrumb":{"@id":"https:\/\/kpcgroup.fr\/offres-demploi\/#breadcrumb"},"inLanguage":"en-GB","potentialAction":[{"@type":"ReadAction","target":["https:\/\/kpcgroup.fr\/offres-demploi\/"]}]},{"@type":"ImageObject","inLanguage":"en-GB","@id":"https:\/\/kpcgroup.fr\/offres-demploi\/#primaryimage","url":"https:\/\/kpcgroup.fr\/wp-content\/uploads\/2023\/10\/PICTO-fleche-pointille-orange.png","contentUrl":"https:\/\/kpcgroup.fr\/wp-content\/uploads\/2023\/10\/PICTO-fleche-pointille-orange.png"},{"@type":"BreadcrumbList","@id":"https:\/\/kpcgroup.fr\/offres-demploi\/#breadcrumb","itemListElement":[{"@type":"ListItem","position":1,"name":"Accueil","item":"https:\/\/kpcgroup.fr\/"},{"@type":"ListItem","position":2,"name":"Offres d&#8217;emploi"}]},{"@type":"WebSite","@id":"https:\/\/kpcgroup.fr\/#website","url":"https:\/\/kpcgroup.fr\/","name":"KPC - Data, Digital &amp; AI Shapers","description":"Data, Process &amp; AI Shapers","publisher":{"@id":"https:\/\/kpcgroup.fr\/#organization"},"alternateName":"KPC","potentialAction":[{"@type":"SearchAction","target":{"@type":"EntryPoint","urlTemplate":"https:\/\/kpcgroup.fr\/?s={search_term_string}"},"query-input":{"@type":"PropertyValueSpecification","valueRequired":true,"valueName":"search_term_string"}}],"inLanguage":"en-GB"},{"@type":"Organization","@id":"https:\/\/kpcgroup.fr\/#organization","name":"KPC - Data, Digital &amp; AI Shapers","url":"https:\/\/kpcgroup.fr\/","logo":{"@type":"ImageObject","inLanguage":"en-GB","@id":"https:\/\/kpcgroup.fr\/#\/schema\/logo\/image\/","url":"https:\/\/kpcgroup.fr\/wp-content\/uploads\/2023\/10\/KPC23-Logo-seul-color.png","contentUrl":"https:\/\/kpcgroup.fr\/wp-content\/uploads\/2023\/10\/KPC23-Logo-seul-color.png","width":1004,"height":496,"caption":"KPC - Data et Digital Shapers"},"image":{"@id":"https:\/\/kpcgroup.fr\/#\/schema\/logo\/image\/"},"sameAs":["https:\/\/x.com\/KPC_CRM","https:\/\/www.linkedin.com\/company\/3120635"]}]}},"_links":{"self":[{"href":"https:\/\/kpcgroup.fr\/en\/wp-json\/wp\/v2\/pages\/1915","targetHints":{"allow":["GET"]}}],"collection":[{"href":"https:\/\/kpcgroup.fr\/en\/wp-json\/wp\/v2\/pages"}],"about":[{"href":"https:\/\/kpcgroup.fr\/en\/wp-json\/wp\/v2\/types\/page"}],"author":[{"embeddable":true,"href":"https:\/\/kpcgroup.fr\/en\/wp-json\/wp\/v2\/users\/2"}],"replies":[{"embeddable":true,"href":"https:\/\/kpcgroup.fr\/en\/wp-json\/wp\/v2\/comments?post=1915"}],"version-history":[{"count":10,"href":"https:\/\/kpcgroup.fr\/en\/wp-json\/wp\/v2\/pages\/1915\/revisions"}],"predecessor-version":[{"id":1280800,"href":"https:\/\/kpcgroup.fr\/en\/wp-json\/wp\/v2\/pages\/1915\/revisions\/1280800"}],"wp:attachment":[{"href":"https:\/\/kpcgroup.fr\/en\/wp-json\/wp\/v2\/media?parent=1915"}],"curies":[{"name":"wp","href":"https:\/\/api.w.org\/{rel}","templated":true}]}}